{"id":2,"date":"2012-02-01T17:31:10","date_gmt":"2012-02-01T16:31:10","guid":{"rendered":"http:\/\/schuetzenzunft-neukalen.de?page_id=2"},"modified":"2026-02-06T16:47:45","modified_gmt":"2026-02-06T15:47:45","slug":"schutzenkonige","status":"publish","type":"page","link":"https:\/\/schuetzenzunft-neukalen.de\/?page_id=2","title":{"rendered":"K\u00f6nige"},"content":{"rendered":"<h2 style=\"text-align: center;\"><strong>2025<\/strong><\/h2>\n<h2 style=\"text-align: center;\"><\/h2>\n<h4 style=\"text-align: center;\">Sch\u00fctzenk\u00f6nig: Oliver Clau\u00dfnitzer<br \/>\nVizek\u00f6nig: Thomas Winkel<\/h4>\n<p>&nbsp;<\/p>\n<h2 style=\"text-align: center;\"><strong>2024<\/strong><\/h2>\n<h2 style=\"text-align: center;\"><\/h2>\n<h4 style=\"text-align: center;\">Sch\u00fctzenk\u00f6nig: Kai-Uwe Tertel<br \/>\nVizek\u00f6nig: Oliver Clau\u00dfnitzer<\/h4>\n<p>&nbsp;<\/p>\n<h2 style=\"text-align: center;\"><strong>2023<\/strong><\/h2>\n<h2 style=\"text-align: center;\"><\/h2>\n<h4 style=\"text-align: center;\">Sch\u00fctzenk\u00f6nig: Thomas Winkel<br \/>\nVizek\u00f6nig: Oliver Clau\u00dfnitzer<\/h4>\n<p>&nbsp;<\/p>\n<h2 style=\"text-align: center;\"><strong>2022<\/strong><\/h2>\n<h2 style=\"text-align: center;\"><\/h2>\n<h4 style=\"text-align: center;\">Sch\u00fctzenk\u00f6nigin: Kathleen Teetz<br \/>\nVizek\u00f6nigin: Jana Hasselberg<\/h4>\n<p>&nbsp;<\/p>\n<h2 style=\"text-align: center;\"><strong>2021<\/strong><\/h2>\n<h2 style=\"text-align: center;\"><\/h2>\n<h4 style=\"text-align: center;\">Sch\u00fctzenk\u00f6nigin: Elisa R\u00f6sler<br \/>\nVizek\u00f6nigin: Kathleen Teetz<\/h4>\n<h2><\/h2>\n<h2 style=\"text-align: center;\"><strong>2019 &#8211; 2020<\/strong><\/h2>\n<h2 style=\"text-align: center;\"><a href=\"https:\/\/schuetzenzunft-neukalen.de\/wp-content\/uploads\/2019\/11\/1.jpg\"><img loading=\"lazy\" decoding=\"async\" class=\"aligncenter wp-image-3177\" src=\"https:\/\/schuetzenzunft-neukalen.de\/wp-content\/uploads\/2019\/11\/1.jpg\" alt=\"\" width=\"212\" height=\"281\" srcset=\"https:\/\/schuetzenzunft-neukalen.de\/wp-content\/uploads\/2019\/11\/1.jpg 1013w, https:\/\/schuetzenzunft-neukalen.de\/wp-content\/uploads\/2019\/11\/1-227x300.jpg 227w, https:\/\/schuetzenzunft-neukalen.de\/wp-content\/uploads\/2019\/11\/1-768x1017.jpg 768w, https:\/\/schuetzenzunft-neukalen.de\/wp-content\/uploads\/2019\/11\/1-774x1024.jpg 774w\" sizes=\"auto, (max-width: 212px) 100vw, 212px\" \/><\/a><\/h2>\n<h4 style=\"text-align: center;\">Sch\u00fctzenk\u00f6nig: Uwe Schoknecht<br \/>\nVizek\u00f6nig: Joachim Guhl<\/h4>\n<h2><\/h2>\n<h2 style=\"text-align: center;\"><strong>2018<\/strong><\/h2>\n<p>&nbsp;<\/p>\n<h4 style=\"text-align: center;\"><img loading=\"lazy\" decoding=\"async\" class=\"ngg-singlepic ngg-center\" src=\"https:\/\/schuetzenzunft-neukalen.de\/wp-content\/gallery\/konige\/PHOTO-2018-08-26-19-56-07.jpg\" alt=\"PHOTO-2018-08-26-19-56-07\" width=\"216\" height=\"287\" \/><\/h4>\n<h4 style=\"text-align: center;\">Sch\u00fctzenk\u00f6nigin: Jana Hasselberg &#8211; Steinbrink<\/h4>\n<h5 style=\"text-align: center;\">Vizek\u00f6nigin: Ursula Pagels<\/h5>\n<h2><\/h2>\n<h2 style=\"text-align: center;\"><strong>2017<\/strong><\/h2>\n<p>&nbsp;<\/p>\n<p style=\"text-align: center;\"><img loading=\"lazy\" decoding=\"async\" class=\"ngg-singlepic ngg-center alignnone\" src=\"https:\/\/schuetzenzunft-neukalen.de\/wp-content\/gallery\/konige\/k2017-bild-kopie.jpg\" alt=\"k2017 bild kopie\" width=\"216\" height=\"281\" \/><\/p>\n<h4 style=\"text-align: center;\">Sch\u00fctzenk\u00f6nig: Volker Kr\u00fcger<\/h4>\n<h5 style=\"text-align: center;\">Vizek\u00f6nig: Eckhard H\u00e4hnke<\/h5>\n<p>&nbsp;<\/p>\n<h2 style=\"text-align: center;\"><strong>2016<\/strong><\/h2>\n<h4 style=\"text-align: center;\">\u00a0<img loading=\"lazy\" decoding=\"async\" class=\"ngg-singlepic ngg-none aligncenter\" src=\"http:\/\/schuetzenzunft-neukalen.de\/wp-content\/gallery\/konige\/2016.jpg\" alt=\"2016\" width=\"213\" height=\"283\" \/><\/h4>\n<h4 style=\"text-align: center;\">Sch\u00fctzenk\u00f6nigin: Kati Wawerek<\/h4>\n<h5 style=\"text-align: center;\">Vizek\u00f6nig: Wilfried Schober<\/h5>\n<p>&nbsp;<\/p>\n<h2 style=\"text-align: center;\"><\/h2>\n<h2 style=\"text-align: center;\"><\/h2>\n<h2 style=\"text-align: center;\"><strong>2015<\/strong><\/h2>\n<p style=\"text-align: center;\"><img loading=\"lazy\" decoding=\"async\" class=\"ngg-singlepic ngg-none aligncenter\" src=\"http:\/\/schuetzenzunft-neukalen.de\/wp-content\/gallery\/konige\/2015.jpg\" alt=\"2015\" width=\"215\" height=\"287\" \/><\/p>\n<h4 style=\"text-align: center;\">Sch\u00fctzenk\u00f6nig: Wolfgang Zingelmann<\/h4>\n<h4 style=\"text-align: center;\">Vizek\u00f6nig: Peter Wieck<\/h4>\n<h2 style=\"text-align: center;\"><\/h2>\n<p>&nbsp;<\/p>\n<h2 style=\"text-align: center;\"><\/h2>\n<h2 style=\"text-align: center;\"><strong>2014<\/strong><\/h2>\n<p><img loading=\"lazy\" decoding=\"async\" class=\"ngg-singlepic ngg-none aligncenter\" src=\"http:\/\/schuetzenzunft-neukalen.de\/wp-content\/gallery\/konige\/K\u00f6nig-2014.jpg\" alt=\"K\u00f6nig 2014\" width=\"222\" height=\"296\" \/><\/p>\n<h4 style=\"text-align: center;\">Sch\u00fctzenk\u00f6nig: Dietmar Kr\u00fcger<\/h4>\n<h4 style=\"text-align: center;\">Vizek\u00f6nig: Joachim Guhl<\/h4>\n<p>&nbsp;<\/p>\n<h2 style=\"text-align: center;\"><\/h2>\n<h2 style=\"text-align: center;\"><\/h2>\n<h2 style=\"text-align: center;\"><strong>2013<\/strong><\/h2>\n<p>&nbsp;<\/p>\n<h2 style=\"text-align: center;\"><a href=\"http:\/\/schuetzenzunft-neukalen.de\/wp-content\/uploads\/2013\/12\/Gabriele-Kr\u00fcger.png\"><img loading=\"lazy\" decoding=\"async\" class=\" wp-image-934\" src=\"http:\/\/schuetzenzunft-neukalen.de\/wp-content\/uploads\/2013\/12\/Gabriele-Kr\u00fcger-190x300.png\" alt=\"Gabriele Kr\u00fcger\" width=\"191\" height=\"302\" srcset=\"https:\/\/schuetzenzunft-neukalen.de\/wp-content\/uploads\/2013\/12\/Gabriele-Kr\u00fcger-190x300.png 190w, https:\/\/schuetzenzunft-neukalen.de\/wp-content\/uploads\/2013\/12\/Gabriele-Kr\u00fcger-648x1024.png 648w, https:\/\/schuetzenzunft-neukalen.de\/wp-content\/uploads\/2013\/12\/Gabriele-Kr\u00fcger.png 685w\" sizes=\"auto, (max-width: 191px) 100vw, 191px\" \/><\/a><\/h2>\n<h4 style=\"text-align: center;\">Sch\u00fctzenk\u00f6nigin: Gabriele Kr\u00fcger<\/h4>\n<h4 style=\"text-align: center;\">Vizek\u00f6nigin: Ursula Pagels<\/h4>\n<p>&nbsp;<\/p>\n<p>&nbsp;<\/p>\n<h2 style=\"text-align: center;\"><strong>2012<\/strong><\/h2>\n<p>&nbsp;<\/p>\n<h2 style=\"text-align: center;\"><strong><a href=\"http:\/\/schuetzenzunft-neukalen.de\/wp-content\/uploads\/2012\/02\/Max-macht-Urlaub-in-Neukalen-Adrian-Einschulung-12.08.2012-011.jpg\"><img loading=\"lazy\" decoding=\"async\" class=\"wp-image-635\" title=\"Sch\u00fctzenk\u00f6nig Joachim Guhl\" src=\"http:\/\/schuetzenzunft-neukalen.de\/wp-content\/uploads\/2012\/02\/Max-macht-Urlaub-in-Neukalen-Adrian-Einschulung-12.08.2012-011-576x1024.jpg\" alt=\"\" width=\"191\" height=\"339\" \/><\/a><\/strong><\/h2>\n<h4 style=\"text-align: center;\">Sch\u00fctzenk\u00f6nig: Joachim Guhl<\/h4>\n<h4 style=\"text-align: center;\">Vizek\u00f6nig: Volkmar Kroll<\/h4>\n<p>&nbsp;<\/p>\n<p>&nbsp;<\/p>\n<h2 style=\"text-align: center;\"><strong>2011<\/strong><\/h2>\n<p>&nbsp;<\/p>\n<h4 style=\"text-align: center;\"><a href=\"http:\/\/schuetzenzunft-neukalen.de\/wp-content\/uploads\/2012\/02\/K\u00f6nig-2011.jpg\"><img loading=\"lazy\" decoding=\"async\" class=\"aligncenter wp-image-310\" title=\"K\u00f6nig 2011\" src=\"http:\/\/schuetzenzunft-neukalen.de\/wp-content\/uploads\/2012\/02\/K\u00f6nig-2011-225x300.jpg\" alt=\"\" width=\"222\" height=\"296\" srcset=\"https:\/\/schuetzenzunft-neukalen.de\/wp-content\/uploads\/2012\/02\/K\u00f6nig-2011-225x300.jpg 225w, https:\/\/schuetzenzunft-neukalen.de\/wp-content\/uploads\/2012\/02\/K\u00f6nig-2011-768x1024.jpg 768w\" sizes=\"auto, (max-width: 222px) 100vw, 222px\" \/><\/a>Sch\u00fctzenk\u00f6nig: Hans-Peter Mielke<\/h4>\n<h4 style=\"text-align: center;\">Vizek\u00f6nig: J\u00fcrgen Hasselberg<\/h4>\n<p>&nbsp;<\/p>\n<p>&nbsp;<\/p>\n<h2 style=\"text-align: center;\"><strong>2010<\/strong><\/h2>\n<p>&nbsp;<\/p>\n<h4 style=\"text-align: center;\"><a href=\"http:\/\/schuetzenzunft-neukalen.de\/wp-content\/uploads\/2012\/02\/K\u00f6nig-2010.jpg\"><img loading=\"lazy\" decoding=\"async\" class=\"aligncenter wp-image-309 size-medium\" title=\"K\u00f6nig 2010\" src=\"https:\/\/schuetzenzunft-neukalen.de\/wp-content\/uploads\/2012\/02\/K\u00f6nig-2010-225x300.jpg\" alt=\"\" width=\"225\" height=\"300\" srcset=\"https:\/\/schuetzenzunft-neukalen.de\/wp-content\/uploads\/2012\/02\/K\u00f6nig-2010-225x300.jpg 225w, https:\/\/schuetzenzunft-neukalen.de\/wp-content\/uploads\/2012\/02\/K\u00f6nig-2010-768x1024.jpg 768w, https:\/\/schuetzenzunft-neukalen.de\/wp-content\/uploads\/2012\/02\/K\u00f6nig-2010.jpg 1944w\" sizes=\"auto, (max-width: 225px) 100vw, 225px\" \/><\/a><\/h4>\n<h4 style=\"text-align: center;\">Sch\u00fctzenk\u00f6nig: J\u00fcrgen Pusack<\/h4>\n<h4 style=\"text-align: center;\">Vizek\u00f6nig: Volker Kr\u00fcger<\/h4>\n<p>&nbsp;<\/p>\n<h2 style=\"text-align: center;\"><\/h2>\n<h2 style=\"text-align: center;\"><strong>2009<\/strong><\/h2>\n<p>&nbsp;<\/p>\n<h4 style=\"text-align: center;\"><a href=\"http:\/\/schuetzenzunft-neukalen.de\/wp-content\/uploads\/2012\/02\/K\u00f6nig-2009.jpg\"><img loading=\"lazy\" decoding=\"async\" class=\"aligncenter size-medium wp-image-109\" title=\"K\u00f6nig 2009\" src=\"http:\/\/schuetzenzunft-neukalen.de\/wp-content\/uploads\/2012\/02\/K\u00f6nig-2009-225x300.jpg\" alt=\"Ressel\" width=\"225\" height=\"300\" srcset=\"https:\/\/schuetzenzunft-neukalen.de\/wp-content\/uploads\/2012\/02\/K\u00f6nig-2009-225x300.jpg 225w, https:\/\/schuetzenzunft-neukalen.de\/wp-content\/uploads\/2012\/02\/K\u00f6nig-2009-768x1024.jpg 768w\" sizes=\"auto, (max-width: 225px) 100vw, 225px\" \/><\/a>Sch\u00fctzenk\u00f6nig: Heinz Peter Ressel<br \/>\nVizek\u00f6nig: Wilfried Schober<\/h4>\n<p>&nbsp;<\/p>\n<p>&nbsp;<\/p>\n<h2 style=\"text-align: center;\"><strong>2008<\/strong><\/h2>\n<p>&nbsp;<\/p>\n<h4 style=\"text-align: center;\"><a href=\"http:\/\/schuetzenzunft-neukalen.de\/wp-content\/uploads\/2012\/02\/K\u00f6nig-2008.jpg\"><img loading=\"lazy\" decoding=\"async\" class=\"aligncenter size-medium wp-image-111\" title=\"K\u00f6nig 2008\" src=\"http:\/\/schuetzenzunft-neukalen.de\/wp-content\/uploads\/2012\/02\/K\u00f6nig-2008-225x300.jpg\" alt=\"\" width=\"225\" height=\"300\" srcset=\"https:\/\/schuetzenzunft-neukalen.de\/wp-content\/uploads\/2012\/02\/K\u00f6nig-2008-225x300.jpg 225w, https:\/\/schuetzenzunft-neukalen.de\/wp-content\/uploads\/2012\/02\/K\u00f6nig-2008-768x1024.jpg 768w, https:\/\/schuetzenzunft-neukalen.de\/wp-content\/uploads\/2012\/02\/K\u00f6nig-2008.jpg 1063w\" sizes=\"auto, (max-width: 225px) 100vw, 225px\" \/><\/a>Sch\u00fctzenk\u00f6nig: J\u00fcrgen Hasselberg<br \/>\nVizek\u00f6nig: Andreas Ulbricht<\/h4>\n<p>&nbsp;<\/p>\n<p>&nbsp;<\/p>\n<h2 style=\"text-align: center;\"><strong>2007<\/strong><\/h2>\n<p>&nbsp;<\/p>\n<h4 style=\"text-align: center;\"><a href=\"http:\/\/schuetzenzunft-neukalen.de\/wp-content\/uploads\/2012\/02\/K\u00f6nig-2007.jpg\"><img loading=\"lazy\" decoding=\"async\" class=\"aligncenter size-medium wp-image-110\" title=\"K\u00f6nig 2007\" src=\"http:\/\/schuetzenzunft-neukalen.de\/wp-content\/uploads\/2012\/02\/K\u00f6nig-2007-225x300.jpg\" alt=\"\" width=\"225\" height=\"300\" srcset=\"https:\/\/schuetzenzunft-neukalen.de\/wp-content\/uploads\/2012\/02\/K\u00f6nig-2007-225x300.jpg 225w, https:\/\/schuetzenzunft-neukalen.de\/wp-content\/uploads\/2012\/02\/K\u00f6nig-2007-768x1024.jpg 768w, https:\/\/schuetzenzunft-neukalen.de\/wp-content\/uploads\/2012\/02\/K\u00f6nig-2007.jpg 1944w\" sizes=\"auto, (max-width: 225px) 100vw, 225px\" \/><\/a>Sch\u00fctzenk\u00f6nig: Robby S\u00f6lch<br \/>\nVizek\u00f6nig: Daniel Neugebauer<\/h4>\n<p>&nbsp;<\/p>\n<p>&nbsp;<\/p>\n<h2 style=\"text-align: center;\"><strong>2006<\/strong><\/h2>\n<p>&nbsp;<\/p>\n<h4 style=\"text-align: center;\"><a href=\"http:\/\/schuetzenzunft-neukalen.de\/wp-content\/uploads\/2012\/02\/K\u00f6nig-2006.jpg\"><img loading=\"lazy\" decoding=\"async\" class=\"aligncenter wp-image-112 size-medium\" title=\"K\u00f6nig 2006\" src=\"http:\/\/schuetzenzunft-neukalen.de\/wp-content\/uploads\/2012\/02\/K\u00f6nig-2006-225x300.jpg\" alt=\"\" width=\"225\" height=\"300\" srcset=\"https:\/\/schuetzenzunft-neukalen.de\/wp-content\/uploads\/2012\/02\/K\u00f6nig-2006-225x300.jpg 225w, https:\/\/schuetzenzunft-neukalen.de\/wp-content\/uploads\/2012\/02\/K\u00f6nig-2006-768x1024.jpg 768w, https:\/\/schuetzenzunft-neukalen.de\/wp-content\/uploads\/2012\/02\/K\u00f6nig-2006.jpg 1944w\" sizes=\"auto, (max-width: 225px) 100vw, 225px\" \/><\/a><\/h4>\n<h4 style=\"text-align: center;\">Sch\u00fctzenk\u00f6nig: Eberhard Zingelmann<br \/>\nVizek\u00f6nig: Wofgang Rosenberger<\/h4>\n<p>&nbsp;<\/p>\n<p>&nbsp;<\/p>\n<h2 style=\"text-align: center;\"><strong>2005<\/strong><\/h2>\n<h4 style=\"text-align: center;\">\u00a0<a href=\"http:\/\/schuetzenzunft-neukalen.de\/wp-content\/uploads\/2012\/02\/K\u00f6nig-2005.jpg\"><img loading=\"lazy\" decoding=\"async\" class=\"aligncenter size-medium wp-image-282\" title=\"K\u00f6nig 2005\" src=\"http:\/\/schuetzenzunft-neukalen.de\/wp-content\/uploads\/2012\/02\/K\u00f6nig-2005-199x300.jpg\" alt=\"\" width=\"199\" height=\"300\" srcset=\"https:\/\/schuetzenzunft-neukalen.de\/wp-content\/uploads\/2012\/02\/K\u00f6nig-2005-199x300.jpg 199w, https:\/\/schuetzenzunft-neukalen.de\/wp-content\/uploads\/2012\/02\/K\u00f6nig-2005-681x1024.jpg 681w, https:\/\/schuetzenzunft-neukalen.de\/wp-content\/uploads\/2012\/02\/K\u00f6nig-2005.jpg 1180w\" sizes=\"auto, (max-width: 199px) 100vw, 199px\" \/><\/a>Sch\u00fctzenk\u00f6nig: Volker Kr\u00fcger<\/h4>\n<h4 style=\"text-align: center;\">Vizek\u00f6nigin: Gabriele Kr\u00fcger<\/h4>\n<p>&nbsp;<\/p>\n<p>&nbsp;<\/p>\n<h2 style=\"text-align: center;\"><strong>2004<\/strong><\/h2>\n<p>&nbsp;<\/p>\n<h4 style=\"text-align: center;\"><a href=\"http:\/\/schuetzenzunft-neukalen.de\/wp-content\/uploads\/2012\/02\/K\u00f6nig-2004.jpg\"><img loading=\"lazy\" decoding=\"async\" class=\"aligncenter size-medium wp-image-106\" title=\"K\u00f6nig 2004\" src=\"http:\/\/schuetzenzunft-neukalen.de\/wp-content\/uploads\/2012\/02\/K\u00f6nig-2004-204x300.jpg\" alt=\"\" width=\"204\" height=\"300\" srcset=\"https:\/\/schuetzenzunft-neukalen.de\/wp-content\/uploads\/2012\/02\/K\u00f6nig-2004-204x300.jpg 204w, https:\/\/schuetzenzunft-neukalen.de\/wp-content\/uploads\/2012\/02\/K\u00f6nig-2004-699x1024.jpg 699w, https:\/\/schuetzenzunft-neukalen.de\/wp-content\/uploads\/2012\/02\/K\u00f6nig-2004.jpg 1210w\" sizes=\"auto, (max-width: 204px) 100vw, 204px\" \/><\/a>Sch\u00fctzenk\u00f6nig: Eckhard H\u00e4hnke<br \/>\nVizek\u00f6nigin: B\u00e4rbel Kaiser<\/h4>\n<p>&nbsp;<\/p>\n<p>&nbsp;<\/p>\n<h2 style=\"text-align: center;\"><strong>2003<\/strong><\/h2>\n<p>&nbsp;<\/p>\n<h4 style=\"text-align: center;\"><a href=\"http:\/\/schuetzenzunft-neukalen.de\/wp-content\/uploads\/2012\/02\/K\u00f6nig-2003-02.jpg\"><img loading=\"lazy\" decoding=\"async\" class=\"aligncenter size-medium wp-image-113\" title=\"K\u00f6nig 2003 02\" src=\"http:\/\/schuetzenzunft-neukalen.de\/wp-content\/uploads\/2012\/02\/K\u00f6nig-2003-02-224x300.jpg\" alt=\"\" width=\"224\" height=\"300\" srcset=\"https:\/\/schuetzenzunft-neukalen.de\/wp-content\/uploads\/2012\/02\/K\u00f6nig-2003-02-224x300.jpg 224w, https:\/\/schuetzenzunft-neukalen.de\/wp-content\/uploads\/2012\/02\/K\u00f6nig-2003-02-766x1024.jpg 766w\" sizes=\"auto, (max-width: 224px) 100vw, 224px\" \/><\/a>Sch\u00fctzenk\u00f6nig: Wolfgang Zingelmann<br \/>\nVizek\u00f6nig: Eckhard H\u00e4hnke<\/h4>\n<p>&nbsp;<\/p>\n<p>&nbsp;<\/p>\n<h2 style=\"text-align: center;\"><strong>2002<\/strong><\/h2>\n<p>&nbsp;<\/p>\n<h4 style=\"text-align: center;\"><a href=\"http:\/\/schuetzenzunft-neukalen.de\/wp-content\/uploads\/2012\/02\/K\u00f6nigin-2002.jpeg\"><img loading=\"lazy\" decoding=\"async\" class=\"aligncenter size-medium wp-image-108\" title=\"K\u00f6nigin 2002\" src=\"http:\/\/schuetzenzunft-neukalen.de\/wp-content\/uploads\/2012\/02\/K\u00f6nigin-2002-213x300.jpg\" alt=\"\" width=\"213\" height=\"300\" srcset=\"https:\/\/schuetzenzunft-neukalen.de\/wp-content\/uploads\/2012\/02\/K\u00f6nigin-2002-213x300.jpg 213w, https:\/\/schuetzenzunft-neukalen.de\/wp-content\/uploads\/2012\/02\/K\u00f6nigin-2002.jpeg 504w\" sizes=\"auto, (max-width: 213px) 100vw, 213px\" \/><\/a>Sch\u00fctzenk\u00f6nigin: Monika Kroll<br \/>\nVizek\u00f6nig: Eberhard Zingelmann<\/h4>\n<p>&nbsp;<\/p>\n<p>&nbsp;<\/p>\n<h2 style=\"text-align: center;\"><strong>2001<\/strong><\/h2>\n<p>&nbsp;<\/p>\n<h4 style=\"text-align: center;\"><a href=\"http:\/\/schuetzenzunft-neukalen.de\/wp-content\/uploads\/2012\/02\/K\u00f6nig-2001.jpeg\"><img loading=\"lazy\" decoding=\"async\" class=\"aligncenter size-medium wp-image-105\" title=\"K\u00f6nig 2001\" src=\"http:\/\/schuetzenzunft-neukalen.de\/wp-content\/uploads\/2012\/02\/K\u00f6nig-2001-251x300.jpg\" alt=\"\" width=\"251\" height=\"300\" srcset=\"https:\/\/schuetzenzunft-neukalen.de\/wp-content\/uploads\/2012\/02\/K\u00f6nig-2001-251x300.jpg 251w, https:\/\/schuetzenzunft-neukalen.de\/wp-content\/uploads\/2012\/02\/K\u00f6nig-2001.jpeg 748w\" sizes=\"auto, (max-width: 251px) 100vw, 251px\" \/><\/a>Sch\u00fctzenk\u00f6nig: Heiko Masuck<br \/>\nVizek\u00f6nig: Volkmar Kroll<\/h4>\n<p>&nbsp;<\/p>\n<p>&nbsp;<\/p>\n<h2 style=\"text-align: center;\"><strong>2000<\/strong><\/h2>\n<p>&nbsp;<\/p>\n<h4 style=\"text-align: center;\"><a href=\"http:\/\/schuetzenzunft-neukalen.de\/wp-content\/uploads\/2012\/02\/K\u00f6nig-2000.jpeg\"><img loading=\"lazy\" decoding=\"async\" class=\"aligncenter size-medium wp-image-104\" title=\"K\u00f6nig 2000\" src=\"http:\/\/schuetzenzunft-neukalen.de\/wp-content\/uploads\/2012\/02\/K\u00f6nig-2000-224x300.jpg\" alt=\"\" width=\"224\" height=\"300\" srcset=\"https:\/\/schuetzenzunft-neukalen.de\/wp-content\/uploads\/2012\/02\/K\u00f6nig-2000-224x300.jpg 224w, https:\/\/schuetzenzunft-neukalen.de\/wp-content\/uploads\/2012\/02\/K\u00f6nig-2000.jpeg 548w\" sizes=\"auto, (max-width: 224px) 100vw, 224px\" \/><\/a>Sch\u00fctzenk\u00f6nig: Dieter Schmidt<br \/>\nVizek\u00f6nig: Volkmar Kroll<\/h4>\n<p>&nbsp;<\/p>\n<p>&nbsp;<\/p>\n<h2 style=\"text-align: center;\"><strong>1999<\/strong><\/h2>\n<p>&nbsp;<\/p>\n<h4 style=\"text-align: center;\"><a href=\"http:\/\/schuetzenzunft-neukalen.de\/wp-content\/uploads\/2012\/02\/K\u00f6nig-1999.jpeg\"><img loading=\"lazy\" decoding=\"async\" class=\"aligncenter size-medium wp-image-103\" title=\"K\u00f6nig 1999\" src=\"http:\/\/schuetzenzunft-neukalen.de\/wp-content\/uploads\/2012\/02\/K\u00f6nig-1999-218x300.jpg\" alt=\"\" width=\"218\" height=\"300\" srcset=\"https:\/\/schuetzenzunft-neukalen.de\/wp-content\/uploads\/2012\/02\/K\u00f6nig-1999-218x300.jpg 218w, https:\/\/schuetzenzunft-neukalen.de\/wp-content\/uploads\/2012\/02\/K\u00f6nig-1999.jpeg 532w\" sizes=\"auto, (max-width: 218px) 100vw, 218px\" \/><\/a>Sch\u00fctzenk\u00f6nig: Horst Strey<br \/>\nVizek\u00f6nig: Roland Schober<\/h4>\n<p>&nbsp;<\/p>\n<p>&nbsp;<\/p>\n<h2 style=\"text-align: center;\"><strong>1998<\/strong><\/h2>\n<p>&nbsp;<\/p>\n<h4 style=\"text-align: center;\"><a href=\"http:\/\/schuetzenzunft-neukalen.de\/wp-content\/uploads\/2012\/02\/K\u00f6nig-1998.jpeg\"><img loading=\"lazy\" decoding=\"async\" class=\"aligncenter size-medium wp-image-102\" title=\"K\u00f6nig 1998\" src=\"http:\/\/schuetzenzunft-neukalen.de\/wp-content\/uploads\/2012\/02\/K\u00f6nig-1998-201x300.jpg\" alt=\"\" width=\"201\" height=\"300\" srcset=\"https:\/\/schuetzenzunft-neukalen.de\/wp-content\/uploads\/2012\/02\/K\u00f6nig-1998-201x300.jpg 201w, https:\/\/schuetzenzunft-neukalen.de\/wp-content\/uploads\/2012\/02\/K\u00f6nig-1998.jpeg 532w\" sizes=\"auto, (max-width: 201px) 100vw, 201px\" \/><\/a>Sch\u00fctzenk\u00f6nig: Wilfried Schober<br \/>\nVizek\u00f6nig: Arnold Freutel<\/h4>\n<p>&nbsp;<\/p>\n<p>&nbsp;<\/p>\n<h2 style=\"text-align: center;\"><strong>1997<\/strong><\/h2>\n<p>&nbsp;<\/p>\n<h4 style=\"text-align: center;\"><a href=\"http:\/\/schuetzenzunft-neukalen.de\/wp-content\/uploads\/2012\/02\/K\u00f6nigin-1997.jpeg\"><img loading=\"lazy\" decoding=\"async\" class=\"aligncenter size-medium wp-image-107\" title=\"K\u00f6nigin 1997\" src=\"http:\/\/schuetzenzunft-neukalen.de\/wp-content\/uploads\/2012\/02\/K\u00f6nigin-1997-201x300.jpg\" alt=\"\" width=\"201\" height=\"300\" srcset=\"https:\/\/schuetzenzunft-neukalen.de\/wp-content\/uploads\/2012\/02\/K\u00f6nigin-1997-201x300.jpg 201w, https:\/\/schuetzenzunft-neukalen.de\/wp-content\/uploads\/2012\/02\/K\u00f6nigin-1997-689x1024.jpg 689w, https:\/\/schuetzenzunft-neukalen.de\/wp-content\/uploads\/2012\/02\/K\u00f6nigin-1997.jpeg 1070w\" sizes=\"auto, (max-width: 201px) 100vw, 201px\" \/><\/a>Sch\u00fctzenk\u00f6nigin: Karin Ressel<br \/>\nVizek\u00f6nig: Heiko Masuck<\/h4>\n<p>&nbsp;<\/p>\n<p>&nbsp;<\/p>\n<h2 style=\"text-align: center;\"><strong>1996<\/strong><\/h2>\n<p>&nbsp;<\/p>\n<h4 style=\"text-align: center;\"><a href=\"http:\/\/schuetzenzunft-neukalen.de\/wp-content\/uploads\/2012\/02\/K\u00f6nig-1996.jpeg\"><img loading=\"lazy\" decoding=\"async\" class=\"aligncenter size-medium wp-image-101\" title=\"K\u00f6nig 1996\" src=\"http:\/\/schuetzenzunft-neukalen.de\/wp-content\/uploads\/2012\/02\/K\u00f6nig-1996-221x300.jpg\" alt=\"\" width=\"221\" height=\"300\" srcset=\"https:\/\/schuetzenzunft-neukalen.de\/wp-content\/uploads\/2012\/02\/K\u00f6nig-1996-221x300.jpg 221w, https:\/\/schuetzenzunft-neukalen.de\/wp-content\/uploads\/2012\/02\/K\u00f6nig-1996.jpeg 532w\" sizes=\"auto, (max-width: 221px) 100vw, 221px\" \/><\/a>Sch\u00fctzenk\u00f6nig: Eckhard H\u00e4hnke<br \/>\nVizek\u00f6nig: Wilfried Schober<\/h4>\n<p>&nbsp;<\/p>\n<p>&nbsp;<\/p>\n<h2 style=\"text-align: center;\"><strong>1995<\/strong><\/h2>\n<p>&nbsp;<\/p>\n<h4 style=\"text-align: center;\"><a href=\"http:\/\/schuetzenzunft-neukalen.de\/wp-content\/uploads\/2012\/02\/K\u00f6nig-1995.jpeg\"><img loading=\"lazy\" decoding=\"async\" class=\"aligncenter size-medium wp-image-100\" title=\"K\u00f6nig 1995\" src=\"http:\/\/schuetzenzunft-neukalen.de\/wp-content\/uploads\/2012\/02\/K\u00f6nig-1995-201x300.jpg\" alt=\"\" width=\"201\" height=\"300\" srcset=\"https:\/\/schuetzenzunft-neukalen.de\/wp-content\/uploads\/2012\/02\/K\u00f6nig-1995-201x300.jpg 201w, https:\/\/schuetzenzunft-neukalen.de\/wp-content\/uploads\/2012\/02\/K\u00f6nig-1995.jpeg 532w\" sizes=\"auto, (max-width: 201px) 100vw, 201px\" \/><\/a>Sch\u00fctzenk\u00f6nig: Jens Plagens<br \/>\nVizek\u00f6nig: Heinz Peter Ressel<\/h4>\n<p>&nbsp;<\/p>\n<p>&nbsp;<\/p>\n<h2 style=\"text-align: center;\"><strong>1994<\/strong><\/h2>\n<p>&nbsp;<\/p>\n<h4 style=\"text-align: center;\"><a href=\"http:\/\/schuetzenzunft-neukalen.de\/wp-content\/uploads\/2012\/02\/K\u00f6nig-1994.jpeg\"><span style=\"color: #000000;\"><img loading=\"lazy\" decoding=\"async\" class=\"aligncenter wp-image-99\" title=\"K\u00f6nig 1994\" src=\"http:\/\/schuetzenzunft-neukalen.de\/wp-content\/uploads\/2012\/02\/K\u00f6nig-1994-199x300.jpg\" alt=\"\" width=\"179\" height=\"270\" srcset=\"https:\/\/schuetzenzunft-neukalen.de\/wp-content\/uploads\/2012\/02\/K\u00f6nig-1994-199x300.jpg 199w, https:\/\/schuetzenzunft-neukalen.de\/wp-content\/uploads\/2012\/02\/K\u00f6nig-1994.jpeg 532w\" sizes=\"auto, (max-width: 179px) 100vw, 179px\" \/><\/span><\/a>Sch\u00fctzenk\u00f6nig: Anton K\u00fchnel<\/h4>\n<h4 style=\"text-align: center;\"><span style=\"color: #000000;\">Vizek\u00f6nig: Horst Strey<\/span><\/h4>\n<p>&nbsp;<\/p>\n<p>&nbsp;<\/p>\n<h2 style=\"text-align: center;\"><strong><span style=\"color: #000000;\">1993<\/span><\/strong><\/h2>\n<p>&nbsp;<\/p>\n<p style=\"text-align: center;\"><span style=\"color: #000000;\"><a href=\"http:\/\/schuetzenzunft-neukalen.de\/wp-content\/uploads\/2012\/02\/K\u00f6nig-1993.jpeg\"><span style=\"color: #000000;\"><img loading=\"lazy\" decoding=\"async\" class=\" wp-image-98 aligncenter\" title=\"K\u00f6nig 1993\" src=\"http:\/\/schuetzenzunft-neukalen.de\/wp-content\/uploads\/2012\/02\/K\u00f6nig-1993-201x300.jpg\" alt=\"\" width=\"181\" height=\"270\" srcset=\"https:\/\/schuetzenzunft-neukalen.de\/wp-content\/uploads\/2012\/02\/K\u00f6nig-1993-201x300.jpg 201w, https:\/\/schuetzenzunft-neukalen.de\/wp-content\/uploads\/2012\/02\/K\u00f6nig-1993.jpeg 532w\" sizes=\"auto, (max-width: 181px) 100vw, 181px\" \/><\/span><\/a><\/span><\/p>\n<h4 style=\"text-align: center;\"><\/h4>\n<h4 style=\"text-align: center;\">\u00a0Ernst-Friedrich Pagels wurde der 1.Sch\u00fctzenk\u00f6nig nach der Wiedergr\u00fcndung<br \/>\nVizek\u00f6nig: Uwe Schoknecht<\/h4>\n","protected":false},"excerpt":{"rendered":"<p>2025 Sch\u00fctzenk\u00f6nig: Oliver Clau\u00dfnitzer Vizek\u00f6nig: Thomas Winkel &nbsp; 2024 Sch\u00fctzenk\u00f6nig: Kai-Uwe Tertel Vizek\u00f6nig: Oliver Clau\u00dfnitzer &nbsp; 2023 Sch\u00fctzenk\u00f6nig: Thomas Winkel Vizek\u00f6nig: Oliver Clau\u00dfnitzer &nbsp; 2022 Sch\u00fctzenk\u00f6nigin: Kathleen Teetz Vizek\u00f6nigin: Jana Hasselberg &nbsp; 2021 Sch\u00fctzenk\u00f6nigin: Elisa R\u00f6sler Vizek\u00f6nigin: Kathleen Teetz 2019 &#8211; 2020 Sch\u00fctzenk\u00f6nig: Uwe Schoknecht Vizek\u00f6nig: Joachim Guhl 2018 &nbsp; Sch\u00fctzenk\u00f6nigin: Jana Hasselberg &#8211; Steinbrink &hellip; <\/p>\n<p class=\"link-more\"><a href=\"https:\/\/schuetzenzunft-neukalen.de\/?page_id=2\" class=\"more-link\"><span class=\"screen-reader-text\">\u201eK\u00f6nige\u201c <\/span>weiterlesen<\/a><\/p>\n","protected":false},"author":1,"featured_media":0,"parent":427,"menu_order":1,"comment_status":"closed","ping_status":"closed","template":"","meta":{"_mc_calendar":[],"footnotes":""},"class_list":["post-2","page","type-page","status-publish","hentry"],"_links":{"self":[{"href":"https:\/\/schuetzenzunft-neukalen.de\/index.php?rest_route=\/wp\/v2\/pages\/2","targetHints":{"allow":["GET"]}}],"collection":[{"href":"https:\/\/schuetzenzunft-neukalen.de\/index.php?rest_route=\/wp\/v2\/pages"}],"about":[{"href":"https:\/\/schuetzenzunft-neukalen.de\/index.php?rest_route=\/wp\/v2\/types\/page"}],"author":[{"embeddable":true,"href":"https:\/\/schuetzenzunft-neukalen.de\/index.php?rest_route=\/wp\/v2\/users\/1"}],"replies":[{"embeddable":true,"href":"https:\/\/schuetzenzunft-neukalen.de\/index.php?rest_route=%2Fwp%2Fv2%2Fcomments&post=2"}],"version-history":[{"count":72,"href":"https:\/\/schuetzenzunft-neukalen.de\/index.php?rest_route=\/wp\/v2\/pages\/2\/revisions"}],"predecessor-version":[{"id":3405,"href":"https:\/\/schuetzenzunft-neukalen.de\/index.php?rest_route=\/wp\/v2\/pages\/2\/revisions\/3405"}],"up":[{"embeddable":true,"href":"https:\/\/schuetzenzunft-neukalen.de\/index.php?rest_route=\/wp\/v2\/pages\/427"}],"wp:attachment":[{"href":"https:\/\/schuetzenzunft-neukalen.de\/index.php?rest_route=%2Fwp%2Fv2%2Fmedia&parent=2"}],"curies":[{"name":"wp","href":"https:\/\/api.w.org\/{rel}","templated":true}]}}