{"id":460,"date":"2012-04-23T08:44:09","date_gmt":"2012-04-23T07:44:09","guid":{"rendered":"http:\/\/schuetzenzunft-neukalen.de\/?page_id=460"},"modified":"2026-02-06T12:42:41","modified_gmt":"2026-02-06T11:42:41","slug":"downloads","status":"publish","type":"page","link":"https:\/\/schuetzenzunft-neukalen.de\/?page_id=460","title":{"rendered":"Termine und Download"},"content":{"rendered":"<p>&nbsp;<\/p>\n<p><strong>Downloads<\/strong><\/p>\n<table style=\"background-color: #cafabc; width: 550px; height: 64px;\" border=\"0\" align=\"center\">\n<tbody>\n<tr>\n<td style=\"background-color: #13b601; text-align: center; border: 1px solid #000000;\"><strong>Name<\/strong><\/td>\n<td style=\"background-color: #13b601; text-align: center; border: 1px solid #000000;\"><strong>Dateityp<\/strong><\/td>\n<td style=\"background-color: #13b601; text-align: center; border: 1px solid #000000;\"><strong>Datei<\/strong><\/td>\n<\/tr>\n<tr>\n<td style=\"background-color: #ffffff; text-align: left; border: 1px solid #000000;\">Termine f\u00fcr 2026<\/td>\n<td style=\"background-color: #ffffff; text-align: center; border: 1px solid #000000;\">PDF<\/td>\n<td style=\"background-color: #ffffff; text-align: right; border: 1px solid #000000;\"><p><img decoding=\"async\" src=\"http:\/\/schuetzenzunft-neukalen.de\/wp-content\/plugins\/wp-downloadmanager\/images\/ext\/pdf.gif\" alt=\"\" title=\"\" style=\"vertical-align: middle;\" \/>&nbsp;&nbsp;<strong><a href=\"https:\/\/schuetzenzunft-neukalen.de\/?dl_name=Veranstaltungen_2026.pdf\">Veranstaltungen 2026<\/a><\/strong> (179,1 KiB, 45 hits)<\/p><\/td>\n<\/tr>\n<tr style=\"background-color: #9af598;\">\n<td style=\"background-color: #9af598; text-align: left; border: 1px solid #000000;\">Schie\u00dfplatz Dargun 2026<\/td>\n<td style=\"background-color: #9af598; text-align: center; border: 1px solid #000000;\">PDF<\/td>\n<td style=\"background-color: #9af598; text-align: right; border: 1px solid #000000;\"><p><img decoding=\"async\" src=\"http:\/\/schuetzenzunft-neukalen.de\/wp-content\/plugins\/wp-downloadmanager\/images\/ext\/pdf.gif\" alt=\"\" title=\"\" style=\"vertical-align: middle;\" \/>&nbsp;&nbsp;<strong><a href=\"https:\/\/schuetzenzunft-neukalen.de\/?dl_name=Schieplatz_Dargun_2026.pdf\">Schie\u00dfplatz Dargun 2026<\/a><\/strong> (171,0 KiB, 41 hits)<\/p><\/td>\n<\/tr>\n<tr style=\"background-color: #9af598;\">\n<td style=\"background-color: #ffffff; text-align: left; border: 1px solid #000000;\">Jugendschie\u00dfen 2026<\/td>\n<td style=\"background-color: #ffffff; text-align: center; border: 1px solid #000000;\">PDF<\/td>\n<td style=\"background-color: #ffffff; text-align: right; border: 1px solid #000000;\"><p><img decoding=\"async\" src=\"http:\/\/schuetzenzunft-neukalen.de\/wp-content\/plugins\/wp-downloadmanager\/images\/ext\/pdf.gif\" alt=\"\" title=\"\" style=\"vertical-align: middle;\" \/>&nbsp;&nbsp;<strong><a href=\"https:\/\/schuetzenzunft-neukalen.de\/?dl_name=Jugendschieen_2026.pdf\">Jugendschie\u00dfen 2026<\/a><\/strong> (187,8 KiB, 40 hits)<\/p><\/td>\n<\/tr>\n<tr style=\"background-color: #9af598;\">\n<td style=\"background-color: #9af598; text-align: left; border: 1px solid #000000;\">Aufnahmeantrag<\/td>\n<td style=\"background-color: #9af598; text-align: center; border: 1px solid #000000;\">PDF<\/td>\n<td style=\"background-color: #9af598; text-align: right; border: 1px solid #000000;\"><p><img decoding=\"async\" src=\"http:\/\/schuetzenzunft-neukalen.de\/wp-content\/plugins\/wp-downloadmanager\/images\/ext\/pdf.gif\" alt=\"\" title=\"\" style=\"vertical-align: middle;\" \/>&nbsp;&nbsp;<strong><a href=\"https:\/\/schuetzenzunft-neukalen.de\/?dl_name=Aufnahmeantrag.pdf\">Aufnahmeantrag 2026<\/a><\/strong> (182,2 KiB, 64 hits)<\/p><\/td>\n<\/tr>\n<tr style=\"background-color: #9af598;\">\n<td style=\"background-color: #ffffff; text-align: left; border: 1px solid #000000;\">Aufnahmeantrag Jugend<\/td>\n<td style=\"background-color: #ffffff; text-align: center; border: 1px solid #000000;\">PDF<\/td>\n<td style=\"background-color: #ffffff; text-align: right; border: 1px solid #000000;\"><p><img decoding=\"async\" src=\"http:\/\/schuetzenzunft-neukalen.de\/wp-content\/plugins\/wp-downloadmanager\/images\/ext\/pdf.gif\" alt=\"\" title=\"\" style=\"vertical-align: middle;\" \/>&nbsp;&nbsp;<strong><a href=\"https:\/\/schuetzenzunft-neukalen.de\/?dl_name=Aufnahmeantrag_Jugend.pdf\">Aufnahmeantrag Jugend<\/a><\/strong> (184,7 KiB, 67 hits)<\/p><\/td>\n<\/tr>\n<tr style=\"background-color: #9af598;\">\n<td style=\"border: 1px solid #000000;\">Exerzierreglement<\/td>\n<td style=\"text-align: center; border: 1px solid #000000;\">PDF<\/td>\n<td style=\"text-align: right; border: 1px solid #000000;\"><p><img decoding=\"async\" src=\"http:\/\/schuetzenzunft-neukalen.de\/wp-content\/plugins\/wp-downloadmanager\/images\/ext\/pdf.gif\" alt=\"\" title=\"\" style=\"vertical-align: middle;\" \/>&nbsp;&nbsp;<strong><a href=\"https:\/\/schuetzenzunft-neukalen.de\/?dl_name=Exerzierreglement_NK.pdf\">Exerzierreglement<\/a><\/strong> (413,1 KiB, 2.775 hits)<\/p><\/td>\n<\/tr>\n<tr style=\"background-color: #ffffff;\">\n<td style=\"border: 1px solid #000000;\">Font Style zur korrekten Darstellung der Website<\/td>\n<td style=\"text-align: center; border: 1px solid #000000;\">TTF<\/td>\n<td style=\"text-align: right; border: 1px solid #000000;\"><p><img decoding=\"async\" src=\"http:\/\/schuetzenzunft-neukalen.de\/wp-content\/plugins\/wp-downloadmanager\/images\/ext\/unknown.gif\" alt=\"\" title=\"\" style=\"vertical-align: middle;\" \/>&nbsp;&nbsp;<strong><a href=\"https:\/\/schuetzenzunft-neukalen.de\/?dl_name=OLDENGL.TTF\">Old English Text MT<\/a><\/strong> (90,9 KiB, 1.653 hits)<\/p><\/td>\n<\/tr>\n<\/tbody>\n<\/table>\n<p>&nbsp;<\/p>\n<p>&nbsp;<\/p>\n","protected":false},"excerpt":{"rendered":"<p>&nbsp; Downloads Name Dateityp Datei Termine f\u00fcr 2026 PDF Schie\u00dfplatz Dargun 2026 PDF Jugendschie\u00dfen 2026 PDF Aufnahmeantrag PDF Aufnahmeantrag Jugend PDF Exerzierreglement PDF Font Style zur korrekten Darstellung der Website TTF &nbsp; &nbsp;<\/p>\n","protected":false},"author":1,"featured_media":0,"parent":0,"menu_order":5,"comment_status":"closed","ping_status":"closed","template":"","meta":{"_mc_calendar":[],"footnotes":""},"class_list":["post-460","page","type-page","status-publish","hentry"],"_links":{"self":[{"href":"https:\/\/schuetzenzunft-neukalen.de\/index.php?rest_route=\/wp\/v2\/pages\/460","targetHints":{"allow":["GET"]}}],"collection":[{"href":"https:\/\/schuetzenzunft-neukalen.de\/index.php?rest_route=\/wp\/v2\/pages"}],"about":[{"href":"https:\/\/schuetzenzunft-neukalen.de\/index.php?rest_route=\/wp\/v2\/types\/page"}],"author":[{"embeddable":true,"href":"https:\/\/schuetzenzunft-neukalen.de\/index.php?rest_route=\/wp\/v2\/users\/1"}],"replies":[{"embeddable":true,"href":"https:\/\/schuetzenzunft-neukalen.de\/index.php?rest_route=%2Fwp%2Fv2%2Fcomments&post=460"}],"version-history":[{"count":77,"href":"https:\/\/schuetzenzunft-neukalen.de\/index.php?rest_route=\/wp\/v2\/pages\/460\/revisions"}],"predecessor-version":[{"id":3339,"href":"https:\/\/schuetzenzunft-neukalen.de\/index.php?rest_route=\/wp\/v2\/pages\/460\/revisions\/3339"}],"wp:attachment":[{"href":"https:\/\/schuetzenzunft-neukalen.de\/index.php?rest_route=%2Fwp%2Fv2%2Fmedia&parent=460"}],"curies":[{"name":"wp","href":"https:\/\/api.w.org\/{rel}","templated":true}]}}