{"id":507,"date":"2012-04-25T07:45:00","date_gmt":"2012-04-25T06:45:00","guid":{"rendered":"http:\/\/schuetzenzunft-neukalen.de\/?page_id=507"},"modified":"2026-03-29T14:45:25","modified_gmt":"2026-03-29T13:45:25","slug":"willkommen-bei-der-schutzenzunft-neukalen-2","status":"publish","type":"page","link":"https:\/\/schuetzenzunft-neukalen.de\/","title":{"rendered":"Willkommen bei der Sch\u00fctzenzunft Neukalen"},"content":{"rendered":"<p>&nbsp;<\/p>\n<p>&nbsp;<\/p>\n<p style=\"text-align: center;\"><a href=\"https:\/\/schuetzenzunft-neukalen.de\/wp-content\/uploads\/2012\/02\/Sch\u00fctzenverein-Banner.gif\"><img loading=\"lazy\" decoding=\"async\" class=\"wp-image-119 alignnone\" title=\"Sch\u00fctzenverein-Banner\" src=\"https:\/\/schuetzenzunft-neukalen.de\/wp-content\/uploads\/2012\/02\/Sch\u00fctzenverein-Banner.gif\" alt=\"\" width=\"560\" height=\"157\" \/><\/a><\/p>\n<p style=\"text-align: center;\"><strong>Herzlich willkommen auf der Internetpr\u00e4senz der Sch\u00fctzenzunft Neukalen von 1689 e.V.<\/strong><\/p>\n<p style=\"text-align: left;\">Wir freuen uns Sie hier auf unserer Internetseite begr\u00fc\u00dfen zu d\u00fcrfen. Sie erfahren hier alles, rund um den Sch\u00fctzenverein, sowie Termine, Veranstaltungen und n\u00fctzliche Informationen zum Schie\u00dfsport und der Stadt Neukalen.<\/p>\n<p style=\"text-align: left;\">Hinterlassen Sie uns doch auch bitte ein paar Kommentare oder Gr\u00fc\u00dfe zu den einzelnen Artikel im Newsbereich oder in der Fotogalerie.<\/p>\n<p style=\"text-align: left;\">Wir w\u00fcnschen Ihnen hier viel Spa\u00df!<a href=\"https:\/\/schuetzenzunft-neukalen.de\/wp-content\/uploads\/2012\/04\/Gruppenbild.gif\"><img loading=\"lazy\" decoding=\"async\" class=\"size-full wp-image-521 aligncenter\" title=\"Gruppenbild\" src=\"https:\/\/schuetzenzunft-neukalen.de\/wp-content\/uploads\/2012\/04\/Gruppenbild.gif\" alt=\"\" width=\"625\" height=\"468\" srcset=\"https:\/\/schuetzenzunft-neukalen.de\/wp-content\/uploads\/2012\/04\/Gruppenbild.gif 625w, https:\/\/schuetzenzunft-neukalen.de\/wp-content\/uploads\/2012\/04\/Gruppenbild-300x224.gif 300w\" sizes=\"auto, (max-width: 625px) 100vw, 625px\" \/><\/a><\/p>\n<h3 style=\"text-align: center;\"><span style=\"color: #940000;\"><strong>Veranstaltung:<\/strong><\/span><\/h3>\n<p>&nbsp;<\/p>\n<p style=\"text-align: center;\"><span style=\"color: #800000;\">+++04.04.2026\u00a0 \u00a0<strong>Osterfeuer\u00a0 \u00a0<\/strong>18:00 Uhr +++<br \/>\n<span style=\"font-size: 14px;\">17.04.2026\u00a0 \u00a0Generalversammlung\u00a0 \u00a019:00 Uhr<\/span><br \/>\n<\/span><\/p>\n<p style=\"text-align: center;\"><span style=\"color: #000000;\"><strong>siehe Kalender<\/strong><\/span><\/p>\n<p>&nbsp;<\/p>\n<h3 style=\"text-align: left;\">Bankverbindung:<\/h3>\n<p style=\"text-align: left;\">Sch\u00fctzenzunft Neukalen von 1689 e.V.<br \/>\nIBAN: DE46150502000550000941<br \/>\nBIC: NOLADE21NBS<\/p>\n","protected":false},"excerpt":{"rendered":"<p>&nbsp; &nbsp; Herzlich willkommen auf der Internetpr\u00e4senz der Sch\u00fctzenzunft Neukalen von 1689 e.V. Wir freuen uns Sie hier auf unserer Internetseite begr\u00fc\u00dfen zu d\u00fcrfen. Sie erfahren hier alles, rund um den Sch\u00fctzenverein, sowie Termine, Veranstaltungen und n\u00fctzliche Informationen zum Schie\u00dfsport und der Stadt Neukalen. Hinterlassen Sie uns doch auch bitte ein paar Kommentare oder Gr\u00fc\u00dfe &hellip; <\/p>\n<p class=\"link-more\"><a href=\"https:\/\/schuetzenzunft-neukalen.de\/\" class=\"more-link\"><span class=\"screen-reader-text\">\u201eWillkommen bei der Sch\u00fctzenzunft Neukalen\u201c <\/span>weiterlesen<\/a><\/p>\n","protected":false},"author":1,"featured_media":0,"parent":0,"menu_order":4,"comment_status":"closed","ping_status":"closed","template":"","meta":{"_mc_calendar":[],"footnotes":""},"class_list":["post-507","page","type-page","status-publish","hentry"],"_links":{"self":[{"href":"https:\/\/schuetzenzunft-neukalen.de\/index.php?rest_route=\/wp\/v2\/pages\/507","targetHints":{"allow":["GET"]}}],"collection":[{"href":"https:\/\/schuetzenzunft-neukalen.de\/index.php?rest_route=\/wp\/v2\/pages"}],"about":[{"href":"https:\/\/schuetzenzunft-neukalen.de\/index.php?rest_route=\/wp\/v2\/types\/page"}],"author":[{"embeddable":true,"href":"https:\/\/schuetzenzunft-neukalen.de\/index.php?rest_route=\/wp\/v2\/users\/1"}],"replies":[{"embeddable":true,"href":"https:\/\/schuetzenzunft-neukalen.de\/index.php?rest_route=%2Fwp%2Fv2%2Fcomments&post=507"}],"version-history":[{"count":59,"href":"https:\/\/schuetzenzunft-neukalen.de\/index.php?rest_route=\/wp\/v2\/pages\/507\/revisions"}],"predecessor-version":[{"id":3419,"href":"https:\/\/schuetzenzunft-neukalen.de\/index.php?rest_route=\/wp\/v2\/pages\/507\/revisions\/3419"}],"wp:attachment":[{"href":"https:\/\/schuetzenzunft-neukalen.de\/index.php?rest_route=%2Fwp%2Fv2%2Fmedia&parent=507"}],"curies":[{"name":"wp","href":"https:\/\/api.w.org\/{rel}","templated":true}]}}