{"id":674,"date":"2012-09-13T10:03:14","date_gmt":"2012-09-13T09:03:14","guid":{"rendered":"http:\/\/schuetzenzunft-neukalen.de\/?page_id=674"},"modified":"2012-09-13T10:11:16","modified_gmt":"2012-09-13T09:11:16","slug":"satzung-der-schutzenzunft-neukalen-von-1689-e-v","status":"publish","type":"page","link":"https:\/\/schuetzenzunft-neukalen.de\/?page_id=674","title":{"rendered":"Satzung"},"content":{"rendered":"<div align=\"center\">\n<h1>Satzung der der Sch\u00fctzenzunft Neukalen von 1689 e.V.<\/h1>\n<p>&nbsp;<\/p>\n<h4>\u00a7 1<\/h4>\n<h4>Name und Sitz<\/h4>\n<p>Die im Jahre 1992 wieder neu in\u00b4s Leben gerufene Zunft f\u00fchrt den Namen<\/p>\n<h2>&#8222;Sch\u00fctzenzunft Neukalen von 1689&#8220;<\/h2>\n<p>und ist in das Vereinsregister eingetragen.<\/p>\n<p>Die Zunft hat ihren Sitz in Neukalen \/ Mecklenburg.<\/p>\n<p>Das Gesch\u00e4ftsjahr der Zunft ist das jeweilige Kalenderjahr.<\/p>\n<h4>\u00a7 2<\/h4>\n<h4>Zweck der Zunft<\/h4>\n<\/div>\n<ol>\n<li>Die Zunft verfolgt ausschlie\u00dflich und unmittelbar gemeinn\u00fctzige Zwecke im Sinne des Abschnitts &#8220; Steuerbeg\u00fcnstigte Zwecke &#8220; der Abgabenordnung.<\/li>\n<li>Die &#8222;Sch\u00fctzenzunft Neukalen von 1689&#8220; bezweckt den Zusammenschluss von Sch\u00fctzen auf freiwilliger Grundlage zur F\u00f6rderung des Schie\u00dfsports und zur Pflege des traditionellen Neukalener Sch\u00fctzenbrauchtums.<\/li>\n<li>Die Zunft ist selbstlos t\u00e4tig und verfolgt keine eigenwirtschaftlichen Zwecke. Es darf keine Person durch Ausgaben, die dem Zweck der Sportsch\u00fctzen fremd sind, oder durch unverh\u00e4ltnism\u00e4\u00dfig hohe Verg\u00fctung beg\u00fcnstigt werden.<\/li>\n<li>Mittel der Zunft d\u00fcrfen nur f\u00fcr die satzungsm\u00e4\u00dfigen Zwecke verwendet werden. Die Mitglieder erhalten keine Zuwendungen aus Mitteln der Zunft.<\/li>\n<\/ol>\n<div align=\"center\">\n<h4>\u00a7 3<\/h4>\n<h4>Erwerb der Mitgliedschaft<\/h4>\n<\/div>\n<div align=\"left\">\n<ul>\n<li>Mitglied der Zunft kann jede nat\u00fcrliche Person ab 12 Jahren werden.<\/li>\n<\/ul>\n<\/div>\n<ol>\n<li>Die Mitgliedschaft entsteht durch Aufnahme in die Zunft nach schriftlichem Antrag durch Beschlu\u00df des Vorstandes. Bei Ablehnung des Aufnahmegesuchs ist der Vorstand nicht verpflichtet, dem Antragsteller die Gr\u00fcnde mitzuteilen.<\/li>\n<li>Bei Minderj\u00e4hrigen ist die Zustimmung der gesetzlichen Vertreter erforderlich.<\/li>\n<li>Die Aufnahmegeb\u00fchr beschlie\u00dft die Mitgliederversammlung.<\/li>\n<li>Die Mitgliedschaft ist nicht \u00fcbertragbar und nicht vererblich. Die Aus\u00fcbung der Mitgliedschaftsrechte k\u00f6nnen nicht einer anderen Person \u00fcbertragen werden.<\/li>\n<li>Stimmberechtigt sind Mitglieder erst ab Vollj\u00e4hrigkeit.<\/li>\n<\/ol>\n<div align=\"center\">\n<h4>\u00a7 4<\/h4>\n<h4>Beendigung der Mitgliedschaft<\/h4>\n<\/div>\n<ol>\n<li>Die Mitgliedschaft in der Zunft endet:\n<ol>\n<li type=\"a\">mit dem Tode des Mitgliedes<\/li>\n<li type=\"a\">durch freiwilligen Austritt<\/li>\n<li type=\"a\">durch Streichung von der Mitgliederliste<\/li>\n<li type=\"a\">durch Ausschluss aus der Zunft<\/li>\n<\/ol>\n<\/li>\n<li>Der freiwillige Austritt erfolgt durch schriftliche Erkl\u00e4rung gegen\u00fcber einem Mitgliede des Vorstandes. Er ist nur zum Ende eines Kalenderjahres unter Einhaltung einer K\u00fcndigungsfrist von 3 Monaten zul\u00e4ssig.<\/li>\n<li>Ein Mitglied kann durch Beschlu\u00df des Vorstandes mit einfacher Mehrheit von der Mitgliederliste gestrichen werden, wenn es mit der Entrichtung des Jahresbeitrages oder anderer der Zunft gegen\u00fcber bestehender Zahlungsverpflichtungen in Verzug geraten ist und die R\u00fcckst\u00e4nde auch nach zweimaliger schriftlicher Mahnung durch den Vorstand nicht innerhalb eines Monats nach deren Zugang in voller H\u00f6he ausgeglichen hat. In der Mahnung mu\u00df auf die bevorstehende Streichung der Mitgliedschaft hingewiesen werden. Die Streichung ist dem Mitglied mitzuteilen.<\/li>\n<li>Ein Mitglied kann, wenn es gegen die Zunftinteressen gr\u00f6blich versto\u00dfen hat, durch Beschlu\u00df des Vorstandes mit einfacher Mehrheit aus der Zunft ausgeschlossen werden. Vor der Beschlussfassung ist dem Mitglied unter Einr\u00e4umung einer angemessenen Frist Gelegenheit zu geben, sich pers\u00f6nlich vor dem Vorstand oder schriftlich zu rechtfertigen. Das Mitglied hat das Recht des Einspruchs beim Vorstand innerhalb 14 Tagen nach Zustellung. Die Berufung ist an den 1.\u00c4ltermann zu richten, der sie auf die Tagesordnung der n\u00e4chsten Mitgliederversammlung setzt. Bis zur endg\u00fcltigen Entscheidung durch die Mitgliederversammlung ruht die Mitgliedschaft.<\/li>\n<li>Die Beendigung der Mitgliedschaft hebt nicht die Verpflichtung zur Beitragszahlung f\u00fcr das ma\u00dfgebende Gesch\u00e4ftsjahr auf. Ein Erstattungsanspruch auf anteilige Beitr\u00e4ge oder geleistete freiwillige Spenden und Zuwendungen ist ausgeschlossen.<\/li>\n<\/ol>\n<div align=\"center\">\n<h4>\u00a7 5<\/h4>\n<h4>Beitrag<\/h4>\n<\/div>\n<ol>\n<li>Das Mitglied hat den von der Mitgliederversammlung festgesetzten Jahresbeitrag zu entrichten. Er wird mit Beginn des Jahres &#8211; bei Eintritt im Laufe des Jahres &#8211; f\u00e4llig. Eine Zahlung per Lastschriftverfahren ist erw\u00fcnscht.<\/li>\n<li>Der Vorstand kann auf Antrag Ausnahmen zulassen und Zahlungen in Teilbetr\u00e4gen genehmigen.<\/li>\n<li>Ehrenmitglieder sind von der Beitragspflicht befreit.<\/li>\n<\/ol>\n<div align=\"center\">\n<h4>\u00a7 6<\/h4>\n<h4>Organe der Zunft<\/h4>\n<\/div>\n<div align=\"left\">\n<p>Organe der Zunft sind:<\/p>\n<\/div>\n<div align=\"left\">\n<ul>\n<li type=\"a\">die Mitgliederversammlung<\/li>\n<\/ul>\n<\/div>\n<ol>\n<li type=\"a\">der Vorstand.<\/li>\n<\/ol>\n<div align=\"center\">\n<h4>\u00a7 7<\/h4>\n<h4>Mitglieder versammlung<\/h4>\n<\/div>\n<ol>\n<li>Oberstes Organ der Zunft ist die Mitgliederversammlung. In der Mitgliederversammlung hat jedes volles gesch\u00e4ftf\u00e4hige Mitglied &#8211; auch Ehrenmitglieder &#8211; eine Stimme.<\/li>\n<li>Die \u00dcbertragung der Aus\u00fcbung des Stimmrechts auf andere Mitglieder ist nicht zul\u00e4ssig.<\/li>\n<\/ol>\n<div align=\"center\">\n<h4>\u00a7 8<\/h4>\n<h4>Aufgaben der Mitgliederversammlung<\/h4>\n<\/div>\n<ol>\n<li type=\"1\">Die Mitgliederversammlung ist einzuberufen als\n<ol>\n<li type=\"a\">ordentliche Mitgliederversammlung (Jahreshauptversammlung) j\u00e4hrlich einmal, und zwar im 1.Quartal eines Gesch\u00e4ftsjahres<\/li>\n<li type=\"a\">au\u00dferordentliche Mitgliederversammlung &#8211; mit entsprechender Tagesordnung -, wenn es der Vorstand beschlie\u00dft oder ein Viertel der stimmberechtigten Mitglieder schriftlich beim Vorstand beantragt hat.<\/li>\n<\/ol>\n<\/li>\n<li>Die Mitgliederversammlung wird vom Vorstand in Form einer Einladung 14 Tage vor dem Versammlungstage unter Mitteilung der Tagesordnung einberufen.<\/li>\n<li>Die Tageordnung bei der Einberufung der ordentlichen Mitgliederversammlung mu\u00df mindestens folgende Punkte enthalten:\n<ol>\n<li>Bericht des Vorstandes<\/li>\n<li>Kassenbericht und Bericht der Kassenpr\u00fcfer<\/li>\n<li>Entlastung des Vorstandes<\/li>\n<li>Wahlen, soweit diese erforderlich sind<\/li>\n<li>Beschlussfassung \u00fcber vorliegende Antr\u00e4ge<\/li>\n<li>Verschiedenes<\/li>\n<\/ol>\n<\/li>\n<\/ol>\n<p>&nbsp;<\/p>\n<div align=\"center\">\n<h4>\u00a7 9<\/h4>\n<h4>Beschlussf\u00e4higkeit und Beschlussfassung der Mitgliederversammlung<\/h4>\n<\/div>\n<ol>\n<li>Die Mitgliederversammlung ist ohne R\u00fccksicht auf die Zahl der erschienenen stimmberechtigten Mitglieder beschlussf\u00e4hig.<\/li>\n<li>Beschl\u00fcsse werden mit der Mehrheit der abgegebenen Stimmen gefasst. Bei Stimmengleichheit gibt die Stimme des 1.\u00c4ltermannes beziehungsweise des Versammlungsleiters den Ausschlag.<\/li>\n<li>Satzungs\u00e4nderungen k\u00f6nnen nur mit einer Mehrheit von zwei Dritteln der anwesenden stimmberechtigten Mitglieder beschlossen werden.<\/li>\n<li>Ein Antrag auf Satzungs\u00e4nderung kann in der Mitgliederversammlung nur behandelt werden, wenn er schon in der Tagesordnung aufgef\u00fchrt ist.<\/li>\n<\/ol>\n<div align=\"center\">\n<h4>\u00a7 10<\/h4>\n<h4>Zusammensetzung des Vorstandes<\/h4>\n<\/div>\n<ol>\n<li>Der Vorstand arbeitet als\n<ol>\n<li type=\"a\">gesch\u00e4ftsf\u00fchrender Vorstand, bestehend aus dem<br \/>\n1.\u00c4ltermann<br \/>\n2.\u00c4ltermann<br \/>\nKassenwart<\/li>\n<li type=\"a\">Gesamtvorstand, bestehend aus dem<br \/>\ngesch\u00e4ftsf\u00fchrenden Vorstand<br \/>\nSchriftf\u00fchrer<br \/>\nstellvertretenden Kassenwart<br \/>\nstellvertretenden Schriftf\u00fchrer<br \/>\nKommandeur der Zunft<br \/>\nOffizier der M\u00e4nnergruppe<br \/>\nOffizier der Frauengruppe<br \/>\nOffizier der Jugendgruppe<\/li>\n<\/ol>\n<\/li>\n<li type=\"1\">Vorstand im Sinne des \u00a7 26 BGB sind der 1.\u00c4ltermann, der 2.\u00c4ltermann und der Kassenwart. Sie vertreten die Zunft gerichtlich und au\u00dfergerichtlich. Je zwei von ihnen sind gemeinsam vertretungsberechtigt.<\/li>\n<li type=\"1\">Im Innenverh\u00e4ltnis der Zunft darf der 2.\u00c4ltermann seine Vertretungsmacht nur bei Verhinderung des 1.\u00c4ltermannes aus\u00fcben.<\/li>\n<li type=\"1\">Der Gesamtvorstand leitet die Zunft. Zu seinen Ausgaben geh\u00f6ren insbesondere:<br \/>\n&#8211; die Durchf\u00fchrung der Beschl\u00fcsse der Mitgliederversammlung,<br \/>\n&#8211; Aufnahme, Ausschlu\u00df und Streichung von Mitgliedern.<\/li>\n<li type=\"1\">Der gesch\u00e4ftsf\u00fchrende Vorstand ist f\u00fcr Aufgaben zust\u00e4ndig, die auf Grund ihrer Dringlichkeit einer schnellen Erledigung bed\u00fcrfen oder deren Behandlung durch den Gesamtvorstand nicht notwendig ist. Der Gesamtvorstand ist \u00fcber die T\u00e4tigkeit des gesch\u00e4ftsf\u00fchrenden Vorstandes laufend zu informieren.<\/li>\n<\/ol>\n<div align=\"center\">\n<h4>\u00a7 11<\/h4>\n<h4>Wahl und Amtsdauer des Vorstandes<\/h4>\n<\/div>\n<ol>\n<li>Der Vorstand wird von der ordentlichen Mitgliederversammlung auf Dauer von 2 Jahre gew\u00e4hlt. In jedem Jahr ist die H\u00e4lfte von ihnen in folgender Reihenfolge zu w\u00e4hlen:\n<ul>\n<li type=\"disc\">in einem Jahr<\/li>\n<\/ul>\n<ol>\n<ol>\n<li type=\"a\">der 1.\u00c4ltermann<\/li>\n<li type=\"a\">der Schriftf\u00fchrer<\/li>\n<li type=\"a\">der stellvertretende Kassenwart<\/li>\n<li type=\"a\">der Offizier der M\u00e4nnergruppe<\/li>\n<li type=\"a\">der Offizier der Jugendgruppe<\/li>\n<\/ol>\n<\/ol>\n<ul>\n<li type=\"disc\">imdarauffolgendenJahr\n<ol>\n<li type=\"a\">der 2.\u00c4ltermann<\/li>\n<li type=\"a\">der Kassenwart<\/li>\n<li type=\"a\">der stellvertretende Schriftf\u00fchrer<\/li>\n<li type=\"a\">der Kommandeur der Zunft<\/li>\n<li type=\"a\">der Offizier der Frauengruppe<\/li>\n<\/ol>\n<\/li>\n<\/ul>\n<\/li>\n<li>Der von der Jugendversammlung gew\u00e4hlte Offizier der Jugendgruppe bedarf der Best\u00e4tigung durch die Mitgliederversammlung.<\/li>\n<li>Jedes Vorstandsmitglied ist einzeln zu w\u00e4hlen, soweit nicht auf Antrag und mit Zustimmung der Mehrheit der Mitgliederversammlung eine &#8222;en &#8211; bloc &#8211; Wahl&#8220; stattfindet.<\/li>\n<li>Scheidet ein Mitglied des Vorstandes w\u00e4hrend der Amtsperiode aus, so kann der Vorstand ein Ersatzmitglied f\u00fcr den Ausgeschiedenen w\u00e4hlen. Das Amt steht dann auf der n\u00e4chstfolgenden Jahreshauptversammlung zur Wahl an.<\/li>\n<li>Kann ein in der Satzung aufgef\u00fchrtes Amt auf der Jahreshauptversammlung wegen fehlender Bewerber oder aus anderen Gr\u00fcnden nicht besetzt werden, so kann der Vorstand bis zur n\u00e4chstfolgenden Jahreshauptversammlung ein Ersatzmitglied w\u00e4hlen. Ausgenommen von dieser Regelung sind die Mitglieder des gesch\u00e4ftsf\u00fchrenden Vorstandes. Von der Wahl eines Ersatzmitgliedes werden die Amtsperioden nach Absatz 1 nicht ber\u00fchrt.<\/li>\n<li>Die Vorstandsmitglieder bleiben bis zur Wahl eines neuen Vorstandsmitgliedes im Amt.<\/li>\n<\/ol>\n<div align=\"center\">\n<h4>\u00a7 12<\/h4>\n<h4>Beschlussfassung des Vorstandes<\/h4>\n<\/div>\n<ol>\n<li>Der Vorstand fasst seine Beschl\u00fcsse in Vorstandssitzungen, die vom 1.\u00c4ltermann &#8211; bei dessen Verhinderung vom 2.\u00c4ltermann &#8211; schriftlich oder fernm\u00fcndlich unter Einhaltung einer Frist von 8 Tagen und unter Mitteilung der Tagesordnung mindestens zweimal j\u00e4hrlich einberufen werden.<\/li>\n<li>Der Vorstand ist beschlussf\u00e4hig, wenn mindestens die H\u00e4lfte der Vorstandsmitglieder, darunter der 1. oder 2.\u00c4ltermann, anwesend ist.<\/li>\n<li>Beschl\u00fcsse werden mit Stimmenmehrheit gefasst. Bei Stimmengleichheit gilt die Stimme des 1.\u00c4termannes.<\/li>\n<li>Vorstandssitzungen werden vom 1.\u00c4ltermann &#8211; bei dessen Verhinderung vom 2.\u00c4ltermann &#8211; geleitet.<\/li>\n<\/ol>\n<div align=\"center\">\n<h4>\u00a7 13<\/h4>\n<h4>Vereinsjugend<\/h4>\n<\/div>\n<p>Die Jugendgemeinschaft innerhalb der Zunft gestaltet &#8211; unter Ber\u00fccksichtigung des Grundkonzepts dieser Satzung und unter Beachtung des Jugendschutzgesetzes &#8211; ein eigenes Zunftleben. Der Offizier f\u00fcr die Jugendgruppe ist Mitglied des Vorstandes und mu\u00df vollj\u00e4hrig sein.<\/p>\n<div align=\"center\">\n<h4>\u00a7 14<\/h4>\n<h4>Kassenrevision<\/h4>\n<\/div>\n<ol>\n<li>Die Kasse der Zunft wird in jedem Gesch\u00e4ftsjahr durch zwei von der Mitgliederversammlung der Zunft gew\u00e4hlte Kassenpr\u00fcfer gepr\u00fcft, die der Mitgliederversammlung einen Pr\u00fcfungsbericht erstatten und bei ordnungsgem\u00e4\u00dfer F\u00fchrung der Kassengesch\u00e4fte die Entlastung des Kassenwartes sowie des Vorstandes beantragen.<\/li>\n<li>J\u00e4hrlich scheidet ein Kassenpr\u00fcfer aus und ist durch Neuwahl zu ersetzen. Wiederwahl ist zul\u00e4ssig.<\/li>\n<\/ol>\n<div align=\"center\">\n<h4>\u00a7 15<\/h4>\n<h4>Niederschriften<\/h4>\n<\/div>\n<p>\u00dcber alle Mitgliederversammlungen und Vorstandssitzungen sind Niederschriften zu fertigen, die vom Protokollf\u00fchrer zu unterzeichnen und nach Gegenzeichnung durch den 1.\u00c4ltermann den Mitgliedern des Gesamtvorstandes zur Kenntnis zu geben sind.<\/p>\n<div align=\"center\">\n<h4>\u00a7 16<\/h4>\n<h4>Aufl\u00f6sung der Zunft<\/h4>\n<\/div>\n<ol>\n<li>Die Aufl\u00f6sung der Zunft kann nur in einer au\u00dfenordentlichen Mitgliederversammlung beschlossen werden. Auf der Tagesordnung dieser Versammlung darf nur der Punkt &#8222;Aufl\u00f6sung der Zunft&#8220; stehen.<\/li>\n<li>Die Einberufung einer solchen Mitgliederversammlung darf nur erfolgen, wenn es\n<ol>\n<li type=\"a\">der Gesamtvorstand mit einer Mehrheit von Dreiviertel seiner Mitglieder beschlossen hat oder<\/li>\n<li type=\"a\">von Zweidrittel der stimmenberechtigten Mitglieder der Zunft schriftlich gefordert wurde.<\/li>\n<\/ol>\n<\/li>\n<li type=\"1\">Die Versammlung ist beschlussf\u00e4hig, wenn mindestens 50 % der stimmberechtigten Mitglieder anwesend sind. Die Aufl\u00f6sung kann nur mit einer Mehrheit von Dreiviertel der erschienenen stimmberechtigten Mitglieder beschlossen werden. Die Abstimmung ist geheim durchzuf\u00fchren.<\/li>\n<li type=\"1\">Bei Aufl\u00f6sung der Zunft oder bei Aufhebung oder Wegfall des bisherigen Zweckes f\u00e4llt das Verm\u00f6gen an die Stadt Neukalen, die es ausschlie\u00dflich und unmittelbar f\u00fcr gemeinn\u00fctzige Zwecke zu verwenden hat.<\/li>\n<\/ol>\n<div align=\"center\">\n<h4>\u00a7 17<\/h4>\n<h4>Inkrafttreten<\/h4>\n<\/div>\n<p>Diese Satzung ist in der Mitgliederversammlung am 08.09.1992 beraten und beschlossen worden und am gleichen Tag in Kraft getreten. Sie ist eigenh\u00e4ndig von den anwesenden Zunftmitgliedern unterschrieben.<\/p>\n","protected":false},"excerpt":{"rendered":"<p>Satzung der der Sch\u00fctzenzunft Neukalen von 1689 e.V. &nbsp; \u00a7 1 Name und Sitz Die im Jahre 1992 wieder neu in\u00b4s Leben gerufene Zunft f\u00fchrt den Namen &#8222;Sch\u00fctzenzunft Neukalen von 1689&#8220; und ist in das Vereinsregister eingetragen. Die Zunft hat ihren Sitz in Neukalen \/ Mecklenburg. Das Gesch\u00e4ftsjahr der Zunft ist das jeweilige Kalenderjahr. \u00a7 &hellip; <\/p>\n<p class=\"link-more\"><a href=\"https:\/\/schuetzenzunft-neukalen.de\/?page_id=674\" class=\"more-link\"><span class=\"screen-reader-text\">\u201eSatzung\u201c <\/span>weiterlesen<\/a><\/p>\n","protected":false},"author":2,"featured_media":0,"parent":439,"menu_order":0,"comment_status":"open","ping_status":"closed","template":"","meta":{"_mc_calendar":[],"footnotes":""},"class_list":["post-674","page","type-page","status-publish","hentry"],"_links":{"self":[{"href":"https:\/\/schuetzenzunft-neukalen.de\/index.php?rest_route=\/wp\/v2\/pages\/674","targetHints":{"allow":["GET"]}}],"collection":[{"href":"https:\/\/schuetzenzunft-neukalen.de\/index.php?rest_route=\/wp\/v2\/pages"}],"about":[{"href":"https:\/\/schuetzenzunft-neukalen.de\/index.php?rest_route=\/wp\/v2\/types\/page"}],"author":[{"embeddable":true,"href":"https:\/\/schuetzenzunft-neukalen.de\/index.php?rest_route=\/wp\/v2\/users\/2"}],"replies":[{"embeddable":true,"href":"https:\/\/schuetzenzunft-neukalen.de\/index.php?rest_route=%2Fwp%2Fv2%2Fcomments&post=674"}],"version-history":[{"count":6,"href":"https:\/\/schuetzenzunft-neukalen.de\/index.php?rest_route=\/wp\/v2\/pages\/674\/revisions"}],"predecessor-version":[{"id":680,"href":"https:\/\/schuetzenzunft-neukalen.de\/index.php?rest_route=\/wp\/v2\/pages\/674\/revisions\/680"}],"up":[{"embeddable":true,"href":"https:\/\/schuetzenzunft-neukalen.de\/index.php?rest_route=\/wp\/v2\/pages\/439"}],"wp:attachment":[{"href":"https:\/\/schuetzenzunft-neukalen.de\/index.php?rest_route=%2Fwp%2Fv2%2Fmedia&parent=674"}],"curies":[{"name":"wp","href":"https:\/\/api.w.org\/{rel}","templated":true}]}}